{"id":3576,"date":"2021-11-09T17:05:57","date_gmt":"2021-11-09T17:05:57","guid":{"rendered":"https:\/\/tqclaboratorio.com\/web\/?page_id=3576"},"modified":"2021-11-09T17:16:56","modified_gmt":"2021-11-09T17:16:56","slug":"t-q-c-total-quality-control-lab","status":"publish","type":"page","link":"https:\/\/tqclaboratorio.com\/web\/t-q-c-total-quality-control-lab\/","title":{"rendered":"T.Q.C Total Quality Control LAB"},"content":{"rendered":"<div class=\"bt_bb_wrapper\"><section id=\"bt_bb_section69d01709165b2\"  class=\"bt_bb_section bt_bb_color_scheme_16 bt_bb_layout_wide bt_bb_vertical_align_top\" ><div class=\"bt_bb_port\"><div class=\"bt_bb_cell\"><div class=\"bt_bb_cell_inner\"><div class=\"bt_bb_row_wrapper bt_bb_row_width_boxed_1200 bt_bb_row_push_right bt_bb_row_push_left bt_bb_content_wide\"><div  class=\"bt_bb_row bt_bb_animation_fade_in bt_bb_animation_move_right animate bt_bb_animation_fade_in move_right animate\" ><div  class=\"bt_bb_column col-xl-3 bt_bb_align_left bt_bb_vertical_align_top bt_bb_padding_normal btLazyLoadBackground bt_bb_column_background_image bt_bb_details_right-inner bt_bb_details-color_white\" style=\"background-image:url(&#039;https:\/\/tqclaboratorio.com\/web\/wp-content\/plugins\/bold-page-builder\/img\/blank.gif&#039;);\" data-background_image_src='https:\/\/tqclaboratorio.com\/web\/wp-content\/uploads\/2021\/11\/4333.jpg' data-width=\"3\" data-bt-override-class=\"{&quot;bt_bb_align_&quot;:{&quot;current_class&quot;:&quot;bt_bb_align_left&quot;,&quot;xl&quot;:&quot;left&quot;}}\"><div class=\"bt_bb_column_content\"><div class=\"bt_bb_column_content_inner\"><\/div><\/div><\/div><div  class=\"bt_bb_column col-xl-6 bt_bb_align_left bt_bb_vertical_align_middle bt_bb_padding_20\" style=\"background-color:rgba(255, 255, 255, 1);\" data-width=\"6\" data-bt-override-class=\"{}\"><div class=\"bt_bb_column_content\"><div class=\"bt_bb_column_content_inner\"><div class=\"bt_bb_separator bt_bb_bottom_spacing_large bt_bb_border_style_none bt_bb_border_color_none\"><\/div><header class=\"bt_bb_headline bt_bb_dash_none bt_bb_size_normal bt_bb_superheadline bt_bb_align_inherit\" data-bt-override-class=\"{&quot;bt_bb_align_&quot;:{&quot;current_class&quot;:&quot;bt_bb_align_inherit&quot;,&quot;xl&quot;:&quot;inherit&quot;}}\"><h3 class=\"bt_bb_headline_tag\"><span class=\"bt_bb_headline_superheadline\">T.Q.C Total Quality Control LAB<\/span><span class=\"bt_bb_headline_content\"><span>MODELO DE ATENCI\u00d3N<\/span><\/span><\/h3><\/header><div class=\"bt_bb_separator bt_bb_top_spacing_small bt_bb_bottom_spacing_normal bt_bb_border_style_none bt_bb_border_color_none\"><\/div><div  class=\"bt_bb_text\" ><p style=\"text-align: justify;\">TOTAL QUALITY CONTROL LAB, es una empresa del sector salud que ofrece sus servicios integrales de apoyo diagn\u00f3stico mediante: Laboratorio Cl\u00ednico, Toma de Muestras de Laboratorio Cl\u00ednico y Tamizaci\u00f3n de C\u00e1ncer de Cuello Uterino.<\/p>\n<p style=\"text-align: justify;\">TOTAL QUALITY CONTROL LAB cuenta con un Modelo de Atenci\u00f3n en Salud que funciona a trav\u00e9s de sus unidades de atenci\u00f3n en Bucaramanga y su \u00e1rea Metropolitana.<\/p>\n<p style=\"text-align: justify;\">Tiene una sede VIP ubicada en la Calle 54 No. 36-34 de la Ciudad de Bucaramanga, otra sede en la Calle 54 No. 33-45 2\u00ba piso del Centro Medico de la Cl\u00ednica Bucaramanga, adicionalmente, presta sus servicios en cuatro sedes de algunas IPS de la regi\u00f3n y ofrece servicios de atenci\u00f3n domiciliaria.<\/p>\n<\/div><div class=\"bt_bb_separator bt_bb_bottom_spacing_medium bt_bb_border_style_none bt_bb_border_color_none\"><\/div><\/div><\/div><\/div><div  class=\"bt_bb_column col-xl-3 bt_bb_align_left bt_bb_vertical_align_top bt_bb_padding_normal bt_bb_details_left bt_bb_details-color_white\"  data-width=\"3\" data-bt-override-class=\"{}\"><div class=\"bt_bb_column_content\"><div class=\"bt_bb_column_content_inner\"><\/div><\/div><\/div><\/div><\/div><\/div><\/div><\/div><\/section><section id=\"bt_bb_section69d0170916f5e\"  class=\"bt_bb_section bt_bb_color_scheme_2 bt_bb_layout_wide bt_bb_vertical_align_top\" ><div class=\"bt_bb_port\"><div class=\"bt_bb_cell\"><div class=\"bt_bb_cell_inner\"><div class=\"bt_bb_row_wrapper bt_bb_row_width_boxed_1200 bt_bb_row_push_right bt_bb_row_push_left bt_bb_content_wide\"><div  class=\"bt_bb_row bt_bb_animation_fade_in bt_bb_animation_move_left animate bt_bb_animation_fade_in move_left animate\" ><div  class=\"bt_bb_column col-xl-3 bt_bb_align_left bt_bb_vertical_align_top bt_bb_padding_normal bt_bb_details_right bt_bb_details-color_grey\" style=\"position: relative;\" data-width=\"3\" data-bt-override-class=\"{}\"><div class=\"bt_bb_column_content\"><div class=\"bt_bb_column_content_inner\"><\/div><\/div><\/div><div  class=\"bt_bb_column col-xl-6 bt_bb_color_scheme_16 bt_bb_align_left bt_bb_vertical_align_middle bt_bb_padding_20 bt_bb_details-color_white\"  data-width=\"6\" data-bt-override-class=\"{}\"><div class=\"bt_bb_column_content\"><div class=\"bt_bb_column_content_inner\"><div class=\"bt_bb_separator bt_bb_bottom_spacing_large bt_bb_border_style_none bt_bb_border_color_none\"><\/div><header class=\"bt_bb_headline bt_bb_dash_none bt_bb_size_normal bt_bb_superheadline bt_bb_align_inherit\" data-bt-override-class=\"{&quot;bt_bb_align_&quot;:{&quot;current_class&quot;:&quot;bt_bb_align_inherit&quot;,&quot;xl&quot;:&quot;inherit&quot;}}\"><h3 class=\"bt_bb_headline_tag\"><span class=\"bt_bb_headline_superheadline\">T.Q.C Total Quality Control LAB<\/span><span class=\"bt_bb_headline_content\"><span>BENEFICIOS DEL MODELO DE ATENCI\u00d3N<\/span><\/span><\/h3><\/header><div class=\"bt_bb_separator bt_bb_bottom_spacing_normal bt_bb_border_style_none\"><\/div><div  class=\"bt_bb_text\" ><ul>\n<li>Nuestro modelo de atenci\u00f3n est\u00e1 orientado a la optimizaci\u00f3n de procesos para lograr una mejor prestaci\u00f3n de servicios a nuestros clientes: Instituciones y Pacientes.<\/li>\n<li>Adquisici\u00f3n de equipos de \u00faltima tecnolog\u00eda para ofrecer mayor precisi\u00f3n en los resultados.<\/li>\n<li>Alianzas estrat\u00e9gicas para garantizar la oportunidad y calidad de nuestros servicios.<\/li>\n<li>Contribuimos a la detecci\u00f3n temprana de enfermedades.<\/li>\n<\/ul>\n<\/div><div class=\"bt_bb_separator bt_bb_bottom_spacing_large bt_bb_border_style_none bt_bb_border_color_none\"><\/div><\/div><\/div><\/div><div  class=\"bt_bb_column col-xl-3 bt_bb_align_left bt_bb_vertical_align_top bt_bb_padding_normal bt_bb_column_background_image bt_bb_details_left-inner bt_bb_details-color_grey\" style=\"background-image:url(&#039;https:\/\/tqclaboratorio.com\/web\/wp-content\/uploads\/2021\/11\/14hh.jpg&#039;);\" data-width=\"3\" data-bt-override-class=\"{&quot;bt_bb_align_&quot;:{&quot;current_class&quot;:&quot;bt_bb_align_left&quot;,&quot;xl&quot;:&quot;left&quot;}}\"><div class=\"bt_bb_column_content\"><div class=\"bt_bb_column_content_inner\"><\/div><\/div><\/div><\/div><\/div><\/div><\/div><\/div><\/section><section id=\"bt_bb_section69d01709176c4\"  class=\"bt_bb_section bt_bb_color_scheme_16 bt_bb_layout_wide bt_bb_vertical_align_top\" ><div class=\"bt_bb_port\"><div class=\"bt_bb_cell\"><div class=\"bt_bb_cell_inner\"><div class=\"bt_bb_row_wrapper bt_bb_row_width_boxed_1200 bt_bb_row_push_right bt_bb_row_push_left bt_bb_content_wide\"><div  class=\"bt_bb_row bt_bb_animation_fade_in bt_bb_animation_move_right animate bt_bb_animation_fade_in move_right animate\" ><div  class=\"bt_bb_column col-xl-3 bt_bb_align_left bt_bb_vertical_align_top bt_bb_padding_normal btLazyLoadBackground bt_bb_column_background_image bt_bb_details_right-inner bt_bb_details-color_white\" style=\"position: relative;background-image:url(&#039;https:\/\/tqclaboratorio.com\/web\/wp-content\/plugins\/bold-page-builder\/img\/blank.gif&#039;);\" data-background_image_src='https:\/\/tqclaboratorio.com\/web\/wp-content\/uploads\/2021\/11\/832423.jpg' data-width=\"3\" data-bt-override-class=\"{&quot;bt_bb_align_&quot;:{&quot;current_class&quot;:&quot;bt_bb_align_left&quot;,&quot;xl&quot;:&quot;left&quot;}}\"><div class=\"bt_bb_column_content\"><div class=\"bt_bb_column_content_inner\"><\/div><\/div><\/div><div  class=\"bt_bb_column col-xl-6 bt_bb_align_left bt_bb_vertical_align_middle bt_bb_padding_20\" style=\"background-color:rgba(255, 255, 255, 1);\" data-width=\"6\" data-bt-override-class=\"{}\"><div class=\"bt_bb_column_content\"><div class=\"bt_bb_column_content_inner\"><div class=\"bt_bb_separator bt_bb_bottom_spacing_large bt_bb_border_style_none bt_bb_border_color_none\"><\/div><header class=\"bt_bb_headline bt_bb_dash_none bt_bb_size_normal bt_bb_superheadline bt_bb_align_inherit\" data-bt-override-class=\"{&quot;bt_bb_align_&quot;:{&quot;current_class&quot;:&quot;bt_bb_align_inherit&quot;,&quot;xl&quot;:&quot;inherit&quot;}}\"><h3 class=\"bt_bb_headline_tag\"><span class=\"bt_bb_headline_superheadline\">T.Q.C Total Quality Control LAB<\/span><span class=\"bt_bb_headline_content\"><span>UNIDADES DE ATENCI\u00d3N<\/span><\/span><\/h3><\/header><div class=\"bt_bb_separator bt_bb_bottom_spacing_normal bt_bb_border_style_none\"><\/div><div  class=\"bt_bb_text\" ><p>En nuestras unidades de toma de muestras de ex\u00e1menes de laboratorio ofrecemos los siguientes servicios:<\/p>\n<ul>\n<li>Convenios de atenci\u00f3n empresarial<\/li>\n<li>Plan de referencia laboratorios a nivel regional<\/li>\n<li>Atenci\u00f3n domiciliaria<\/li>\n<li>Resultados en l\u00ednea<\/li>\n<li>Atenci\u00f3n paciente particulares<\/li>\n<li>Cat\u00e1logo de pruebas: \u2013<em>Hematolog\u00eda\u00a0 -Qu\u00edmica Cl\u00ednica -Inmunolog\u00eda<\/em><br \/>\n<em>\u2013\u00a0Hormonas -Marcadores Tumorales -Coagulaci\u00f3n -Microbiolog\u00eda<\/em><br \/>\n<em>-Parasitolog\u00eda -Uroan\u00e1lisis -Citolog\u00edas\u00a0\u00a0Ex\u00e1menes Especializados<\/em><\/li>\n<\/ul>\n<\/div><div class=\"bt_bb_separator bt_bb_bottom_spacing_large bt_bb_border_style_none bt_bb_border_color_none\"><\/div><\/div><\/div><\/div><div  class=\"bt_bb_column col-xl-3 bt_bb_align_left bt_bb_vertical_align_top bt_bb_padding_normal bt_bb_details_left bt_bb_details-color_white\"  data-width=\"3\" data-bt-override-class=\"{}\"><div class=\"bt_bb_column_content\"><div class=\"bt_bb_column_content_inner\"><\/div><\/div><\/div><\/div><\/div><\/div><\/div><\/div><\/section><\/div>","protected":false},"excerpt":{"rendered":"","protected":false},"author":1,"featured_media":2788,"parent":0,"menu_order":0,"comment_status":"closed","ping_status":"closed","template":"","meta":[],"_links":{"self":[{"href":"https:\/\/tqclaboratorio.com\/web\/wp-json\/wp\/v2\/pages\/3576"}],"collection":[{"href":"https:\/\/tqclaboratorio.com\/web\/wp-json\/wp\/v2\/pages"}],"about":[{"href":"https:\/\/tqclaboratorio.com\/web\/wp-json\/wp\/v2\/types\/page"}],"author":[{"embeddable":true,"href":"https:\/\/tqclaboratorio.com\/web\/wp-json\/wp\/v2\/users\/1"}],"replies":[{"embeddable":true,"href":"https:\/\/tqclaboratorio.com\/web\/wp-json\/wp\/v2\/comments?post=3576"}],"version-history":[{"count":10,"href":"https:\/\/tqclaboratorio.com\/web\/wp-json\/wp\/v2\/pages\/3576\/revisions"}],"predecessor-version":[{"id":3589,"href":"https:\/\/tqclaboratorio.com\/web\/wp-json\/wp\/v2\/pages\/3576\/revisions\/3589"}],"wp:featuredmedia":[{"embeddable":true,"href":"https:\/\/tqclaboratorio.com\/web\/wp-json\/wp\/v2\/media\/2788"}],"wp:attachment":[{"href":"https:\/\/tqclaboratorio.com\/web\/wp-json\/wp\/v2\/media?parent=3576"}],"curies":[{"name":"wp","href":"https:\/\/api.w.org\/{rel}","templated":true}]}}