{"id":3489,"date":"2021-11-09T15:59:50","date_gmt":"2021-11-09T15:59:50","guid":{"rendered":"https:\/\/tqclaboratorio.com\/web\/?page_id=3489"},"modified":"2023-02-11T15:38:01","modified_gmt":"2023-02-11T15:38:01","slug":"uroanalisis","status":"publish","type":"page","link":"https:\/\/tqclaboratorio.com\/web\/uroanalisis\/","title":{"rendered":"Toma de muestras a domicilio"},"content":{"rendered":"<div class=\"bt_bb_wrapper\"><section id=\"bt_bb_section69d01723cbf50\"  class=\"bt_bb_section bt_bb_layout_boxed_1200\" ><div class=\"bt_bb_port\"><div class=\"bt_bb_cell\"><div class=\"bt_bb_cell_inner\"><div class=\"bt_bb_row_wrapper\"><div  class=\"bt_bb_row\" ><div  class=\"bt_bb_column col-xl-8 col-xs-12 col-sm-12 col-md-12 col-lg-8 bt_bb_align_left bt_bb_vertical_align_top bt_bb_padding_normal\"  data-width=\"8\" data-bt-override-class=\"{}\"><div class=\"bt_bb_column_content\"><div class=\"bt_bb_column_content_inner\"><div class=\"bt_bb_separator bt_bb_top_spacing_25 bt_bb_border_style_none bt_bb_border_color_none\"><\/div><header class=\"bt_bb_headline bt_bb_dash_none bt_bb_size_inherit bt_bb_superheadline bt_bb_superheadline_outside bt_bb_align_inherit\" data-bt-override-class=\"{&quot;bt_bb_align_&quot;:{&quot;current_class&quot;:&quot;bt_bb_align_inherit&quot;,&quot;xl&quot;:&quot;inherit&quot;}}\"><div class=\"bt_bb_headline_superheadline_outside\"><span class=\"bt_bb_headline_superheadline\">Servicios<\/span><\/div><h3 class=\"bt_bb_headline_tag\"><span class=\"bt_bb_headline_content\"><span>Toma de muestras a domicilio<\/span><\/span><\/h3><\/header><div class=\"bt_bb_separator bt_bb_top_spacing_25 bt_bb_border_style_none bt_bb_border_color_none\"><\/div><div class=\"bt_bb_image bt_bb_shape_square bt_bb_align_center bt_bb_hover_style_simple bt_bb_content_display_always bt_bb_content_align_middle\" data-bt-override-class=\"{&quot;bt_bb_align_&quot;:{&quot;current_class&quot;:&quot;bt_bb_align_center&quot;,&quot;xl&quot;:&quot;center&quot;}}\"><span><img src = \"https:\/\/tqclaboratorio.com\/web\/wp-content\/plugins\/bold-page-builder\/img\/blank.gif\" data-full_image_src=\"https:\/\/tqclaboratorio.com\/web\/wp-content\/uploads\/2021\/11\/7-1.jpg\" data-image_src=\"https:\/\/tqclaboratorio.com\/web\/wp-content\/uploads\/2021\/11\/7-1.jpg\" title=\"7\" alt=\"https:\/\/tqclaboratorio.com\/web\/wp-content\/uploads\/2021\/11\/7-1.jpg\" class=\"btLazyLoadImage\"><\/span><\/div><div class=\"bt_bb_separator bt_bb_top_spacing_25 bt_bb_border_style_none bt_bb_border_color_none\"><\/div><div  class=\"bt_bb_text\" ><h5><strong>Laboratorio TQC dentro de su amplio portafolio de servicios ofrece TOMA DE MUESTRAS A DOMICILIO.<\/strong><\/h5>\n<p>Pasos para solicitar su domicilio:<\/p>\n<ol>\n<li>Comunicarse a los tel\u00e9fonos 607-6850051, 607-6850052, 607-6850405 o al WhatsApp 317 5137181.<\/li>\n<li>Al momento de programar su domicilio tener a la mano la siguiente informaci\u00f3n: nombres y apellidos completos, edad, orden medica con los ex\u00e1menes a solicitar, direcci\u00f3n y 2 n\u00fameros de contacto.<\/li>\n<\/ol>\n<\/div><div class=\"bt_bb_separator bt_bb_top_spacing_25 bt_bb_border_style_none bt_bb_border_color_none\"><\/div><div class=\"bt_bb_separator bt_bb_top_spacing_25 bt_bb_border_style_none bt_bb_border_color_none\"><\/div><div class=\"bt_bb_separator bt_bb_top_spacing_25 bt_bb_border_style_none bt_bb_border_color_none\"><\/div><\/div><\/div><\/div><div  class=\"bt_bb_column col-xl-4 col-xs-12 col-sm-12 col-md-12 col-lg-4 bt_bb_align_left bt_bb_vertical_align_top bt_bb_padding_normal\"  data-width=\"4\" data-bt-override-class=\"{}\"><div class=\"bt_bb_column_content\"><div class=\"bt_bb_column_content_inner\"><div class=\"bt_bb_separator bt_bb_top_spacing_25 bt_bb_border_style_none bt_bb_border_color_none\"><\/div><header class=\"bt_bb_headline bt_bb_dash_none bt_bb_size_inherit bt_bb_align_inherit\" data-bt-override-class=\"{&quot;bt_bb_align_&quot;:{&quot;current_class&quot;:&quot;bt_bb_align_inherit&quot;,&quot;xl&quot;:&quot;inherit&quot;}}\"><h3 class=\"bt_bb_headline_tag\"><span class=\"bt_bb_headline_content\"><span>Servicios<\/span><\/span><\/h3><\/header><div class=\"bt_bb_separator bt_bb_top_spacing_25 bt_bb_border_style_none bt_bb_border_color_none\"><\/div><div class=\"bt_bb_custom_menu bt_bb_direction_vertical\"><div class=\"menu-services-menu-container\"><ul id=\"menu-services-menu\" class=\"menu\"><li id=\"menu-item-3499\" class=\"menu-item menu-item-type-post_type menu-item-object-page menu-item-3499\"><a href=\"https:\/\/tqclaboratorio.com\/web\/citologias\/\">Citolog\u00edas<\/a><\/li>\n<li id=\"menu-item-3496\" class=\"menu-item menu-item-type-post_type menu-item-object-page menu-item-3496\"><a href=\"https:\/\/tqclaboratorio.com\/web\/hematologia\/\">Laboratorio Clinico<\/a><\/li>\n<li id=\"menu-item-3500\" class=\"menu-item menu-item-type-post_type menu-item-object-page menu-item-3500\"><a href=\"https:\/\/tqclaboratorio.com\/web\/hormonas\/\">Paquetes saludables<\/a><\/li>\n<li id=\"menu-item-3465\" class=\"menu-item menu-item-type-post_type menu-item-object-page menu-item-3465\"><a href=\"https:\/\/tqclaboratorio.com\/web\/inmunologia\/\">Biologia Molecular<\/a><\/li>\n<li id=\"menu-item-3466\" class=\"menu-item menu-item-type-post_type menu-item-object-page menu-item-3466\"><a href=\"https:\/\/tqclaboratorio.com\/web\/quimica-clinica\/\">Prueba de aliento &#8211; Deteccion de Helicobacter pylori<\/a><\/li>\n<li id=\"menu-item-3497\" class=\"menu-item menu-item-type-post_type menu-item-object-page menu-item-3497\"><a href=\"https:\/\/tqclaboratorio.com\/web\/marcadores-tumorales\/\">Pruebas especiales<\/a><\/li>\n<li id=\"menu-item-3464\" class=\"menu-item menu-item-type-post_type menu-item-object-page menu-item-3464\"><a href=\"https:\/\/tqclaboratorio.com\/web\/microbiologia\/\">Paquetes empresariales<\/a><\/li>\n<li id=\"menu-item-3498\" class=\"menu-item menu-item-type-post_type menu-item-object-page menu-item-3498\"><a href=\"https:\/\/tqclaboratorio.com\/web\/uroanalisis\/\">Toma de muestras a domicilio<\/a><\/li>\n<\/ul><\/div><\/div><div class=\"bt_bb_separator bt_bb_top_spacing_25 bt_bb_border_style_none bt_bb_border_color_none\"><\/div><\/div><\/div><\/div><\/div><\/div><\/div><\/div><\/div><\/section><\/div>","protected":false},"excerpt":{"rendered":"","protected":false},"author":1,"featured_media":2788,"parent":0,"menu_order":0,"comment_status":"closed","ping_status":"closed","template":"","meta":[],"_links":{"self":[{"href":"https:\/\/tqclaboratorio.com\/web\/wp-json\/wp\/v2\/pages\/3489"}],"collection":[{"href":"https:\/\/tqclaboratorio.com\/web\/wp-json\/wp\/v2\/pages"}],"about":[{"href":"https:\/\/tqclaboratorio.com\/web\/wp-json\/wp\/v2\/types\/page"}],"author":[{"embeddable":true,"href":"https:\/\/tqclaboratorio.com\/web\/wp-json\/wp\/v2\/users\/1"}],"replies":[{"embeddable":true,"href":"https:\/\/tqclaboratorio.com\/web\/wp-json\/wp\/v2\/comments?post=3489"}],"version-history":[{"count":3,"href":"https:\/\/tqclaboratorio.com\/web\/wp-json\/wp\/v2\/pages\/3489\/revisions"}],"predecessor-version":[{"id":3879,"href":"https:\/\/tqclaboratorio.com\/web\/wp-json\/wp\/v2\/pages\/3489\/revisions\/3879"}],"wp:featuredmedia":[{"embeddable":true,"href":"https:\/\/tqclaboratorio.com\/web\/wp-json\/wp\/v2\/media\/2788"}],"wp:attachment":[{"href":"https:\/\/tqclaboratorio.com\/web\/wp-json\/wp\/v2\/media?parent=3489"}],"curies":[{"name":"wp","href":"https:\/\/api.w.org\/{rel}","templated":true}]}}