{"id":3424,"date":"2021-11-09T14:02:17","date_gmt":"2021-11-09T14:02:17","guid":{"rendered":"https:\/\/tqclaboratorio.com\/web\/?page_id=3424"},"modified":"2023-06-15T19:06:14","modified_gmt":"2023-06-15T19:06:14","slug":"quienes-somos","status":"publish","type":"page","link":"https:\/\/tqclaboratorio.com\/web\/quienes-somos\/","title":{"rendered":"Quienes Somos"},"content":{"rendered":"<div class=\"bt_bb_wrapper\"><section id=\"bt_bb_section69d01784f0108\" data-parallax=\"0.7\" data-parallax-offset=\"-150\" class=\"bt_bb_section bt_bb_color_scheme_16 bt_bb_layout_wide bt_bb_vertical_align_top bt_bb_parallax\" ><div class=\"bt_bb_port\"><div class=\"bt_bb_cell\"><div class=\"bt_bb_cell_inner\"><div class=\"bt_bb_row_wrapper bt_bb_row_width_boxed_1200 bt_bb_row_push_right bt_bb_row_push_left bt_bb_content_wide\"><div  class=\"bt_bb_row bt_bb_animation_fade_in bt_bb_animation_move_right animate bt_bb_animation_fade_in move_right animate\" ><div  class=\"bt_bb_column col-xl-3 bt_bb_align_left bt_bb_vertical_align_top bt_bb_padding_normal btLazyLoadBackground bt_bb_column_background_image bt_bb_details_right-inner bt_bb_details-color_white\" style=\"position: relative;background-image:url(&#039;https:\/\/tqclaboratorio.com\/web\/wp-content\/plugins\/bold-page-builder\/img\/blank.gif&#039;);\" data-background_image_src='https:\/\/tqclaboratorio.com\/web\/wp-content\/uploads\/2021\/11\/tqcsede1.jpg' data-width=\"3\" data-bt-override-class=\"{&quot;bt_bb_align_&quot;:{&quot;current_class&quot;:&quot;bt_bb_align_left&quot;,&quot;xl&quot;:&quot;left&quot;}}\"><div class=\"bt_bb_column_content\"><div class=\"bt_bb_column_content_inner\"><\/div><\/div><\/div><div  class=\"bt_bb_column col-xl-6 bt_bb_align_left bt_bb_vertical_align_top bt_bb_padding_20 bt_bb_details-color_white\" style=\"background-color:rgba(255, 255, 255, 1);\" data-width=\"6\" data-bt-override-class=\"{}\"><div class=\"bt_bb_column_content\"><div class=\"bt_bb_column_content_inner\"><div class=\"bt_bb_separator bt_bb_bottom_spacing_large bt_bb_border_style_none bt_bb_border_color_none\"><\/div><header class=\"bt_bb_headline bt_bb_dash_none bt_bb_size_normal bt_bb_align_inherit\" data-bt-override-class=\"{&quot;bt_bb_align_&quot;:{&quot;current_class&quot;:&quot;bt_bb_align_inherit&quot;,&quot;xl&quot;:&quot;inherit&quot;}}\"><h2 class=\"bt_bb_headline_tag\"><span class=\"bt_bb_headline_content\"><span>T.Q.C LAB ANALYSIS<\/span><\/span><\/h2><\/header><div class=\"bt_bb_separator bt_bb_bottom_spacing_small bt_bb_border_style_none\"><\/div><div  class=\"bt_bb_text\" ><p style=\"text-align: justify;\">T.Q.C LAB ANALYSIS es una sociedad an\u00f3nima, constituida en la notaria 38 de Bogot\u00e1 mediante escritura p\u00fablica n\u00famero 0496 de fecha 25 de Marzo de 2.003, inscrita en la c\u00e1mara de comercio de Bucaramanga mediante registro mercantil n\u00famero 05-107894-04, para prestar servicios de laboratorio cl\u00ednico general y especializado.<\/p>\n<p style=\"text-align: justify;\">Contamos con la m\u00e1s avanzada tecnolog\u00eda en equipos automatizados, conectados en red, con lectores de c\u00f3digo de barras, lo que minimiza error humano, permiti\u00e9ndonos ofertar para la realizaci\u00f3n de todos los ex\u00e1menes de laboratorio cl\u00ednico bajo las m\u00e1s estrictas normas de calidad.<\/p>\n<p style=\"text-align: justify;\">Tenemos un respaldo cient\u00edfico y tecnol\u00f3gico de Laboratorio ROCHE, entidad cuya calidad en reactivos y equipos es ampliamente reconocida a nivel mundial, tambi\u00e9n contamos con un Control de calidad Externo evaluado por RIQAS, compa\u00f1\u00eda especializada en control de calidad de laboratorios que opera en el REINO UNIDO.<\/p>\n<p style=\"text-align: justify;\">Generamos soluciones en medicina diagnostica a trav\u00e9s de moderna tecnolog\u00eda con una capacidad instalada en la ciudad de Bucaramanga permiti\u00e9ndonos prestar nuestros servicios en toda el \u00e1rea metropolitana de Santander y municipios del Magdalena Medio, permitiendo procesar m\u00e1s de 1.200 ex\u00e1menes diferentes diariamente.<\/p>\n<\/div><div class=\"bt_bb_separator bt_bb_bottom_spacing_normal bt_bb_border_style_none\"><\/div><\/div><\/div><\/div><div  class=\"bt_bb_column col-xl-3 bt_bb_align_left bt_bb_vertical_align_top bt_bb_padding_normal bt_bb_details_left bt_bb_details-color_white\"  data-width=\"3\" data-bt-override-class=\"{}\"><div class=\"bt_bb_column_content\"><div class=\"bt_bb_column_content_inner\"><\/div><\/div><\/div><\/div><\/div><\/div><\/div><\/div><\/section><section id=\"bt_bb_section69d01784f08b5\" data-parallax=\"0.7\" data-parallax-offset=\"-150\" class=\"bt_bb_section bt_bb_layout_wide bt_bb_vertical_align_top bt_bb_parallax\" ><div class=\"bt_bb_port\"><div class=\"bt_bb_cell\"><div class=\"bt_bb_cell_inner\"><div class=\"bt_bb_row_wrapper bt_bb_row_width_boxed_1200 bt_bb_row_push_right bt_bb_row_push_left bt_bb_content_wide\"><div  class=\"bt_bb_row bt_bb_animation_fade_in bt_bb_animation_move_left animate bt_bb_animation_fade_in move_left animate\" ><div  class=\"bt_bb_column col-xl-3 bt_bb_align_left bt_bb_vertical_align_top bt_bb_padding_normal bt_bb_details_right bt_bb_details-color_grey\" style=\"position: relative;\" data-width=\"3\" data-bt-override-class=\"{}\"><div class=\"bt_bb_column_content\"><div class=\"bt_bb_column_content_inner\"><\/div><\/div><\/div><div  class=\"bt_bb_column col-xl-5 bt_bb_color_scheme_16 bt_bb_align_left bt_bb_vertical_align_middle bt_bb_padding_20 bt_bb_details-color_white\" style=\"position: relative;\" data-width=\"5\" data-bt-override-class=\"{}\"><div class=\"bt_bb_column_content\"><div class=\"bt_bb_column_content_inner\"><div class=\"bt_bb_separator bt_bb_bottom_spacing_medium bt_bb_border_style_none\"><\/div><div class=\"bt_bb_accordion bt_bb_color_scheme_5 bt_bb_style_simple bt_bb_shape_square\"><div class=\"bt_bb_accordion_item btWithIcon\"><div class=\"bt_bb_accordion_item_title_content\"><span  data-ico-fontawesome=\"&#xf0f0;\" class=\"bt_bb_icon_holder\"><\/span><div class=\"bt_bb_accordion_item_title\">Misi\u00f3n<\/div><\/div><div class=\"bt_bb_accordion_item_content\"><div  class=\"bt_bb_text\" >\n<p>Somos una Instituci\u00f3n que ofrece servicios integrales de apoyo diagn\u00f3stico bajo los m\u00e1s altos est\u00e1ndares de calidad, con equipos de \u00faltima generaci\u00f3n y un equipo humano comprometido con la calidad de vida de nuestros usuarios mediante la toma, procesamiento y entrega de muestras confiables y oportunas.<\/p>\n<\/div>\n<\/div><\/div><div class=\"bt_bb_accordion_item btWithIcon\"><div class=\"bt_bb_accordion_item_title_content\"><span  data-ico-chemistry=\"&#xf10c;\" class=\"bt_bb_icon_holder\"><\/span><div class=\"bt_bb_accordion_item_title\">Visi\u00f3n<\/div><\/div><div class=\"bt_bb_accordion_item_content\"><div  class=\"bt_bb_text\" >\n<p>Ser reconocidos para el 2028 como uno de los Laboratorios Cl\u00ednicos de Santander l\u00edder en el procesamiento y an\u00e1lisis de muestras, con nuevas tecnolog\u00edas, que nos permitan seguir siendo competitivos, con resultados oportunos y de calidad a nuestros usuarios; que hagan atractiva la participaci\u00f3n de nuestros accionistas y partes interesadas.<\/p>\n<\/div>\n<\/div><\/div><div class=\"bt_bb_accordion_item btWithIcon\"><div class=\"bt_bb_accordion_item_title_content\"><span  data-ico-icon7stroke=\"&#xe68f;\" class=\"bt_bb_icon_holder\"><\/span><div class=\"bt_bb_accordion_item_title\">Pol\u00edtica de Calidad<\/div><\/div><div class=\"bt_bb_accordion_item_content\"><div  class=\"bt_bb_text\" >\n<p>Satisfacer las necesidades de nuestros clientes y partes interesadas, prestando servicios de laboratorio cl\u00ednico seguros, oportunos y confiables, a trav\u00e9s de la suficiencia de recursos econ\u00f3micos, t\u00e9cnicos, personal competente y comprometido con el mejoramiento continuo de nuestra organizaci\u00f3n que nos permitan permanecer, ser rentables y competitivos en el mercado regional.<\/p>\n<\/div>\n<\/div><\/div><div class=\"bt_bb_accordion_item btWithIcon\"><div class=\"bt_bb_accordion_item_title_content\"><span  data-ico-fontawesome=\"&#xf0c0;\" class=\"bt_bb_icon_holder\"><\/span><div class=\"bt_bb_accordion_item_title\">Valores Corporativos<\/div><\/div><div class=\"bt_bb_accordion_item_content\"><div  class=\"bt_bb_text\" >\n<ul class=\"bulleted-list\">\n<li>\n<ul class=\"bulleted-list\">\n<li>\n<p align=\"justify\"><strong>CALIDAD:<\/strong>\u00a0Aplicamos una pol\u00edtica de control total de calidad, en cada uno de nuestros procesos.<\/p>\n<\/li>\n<li>\n<p align=\"justify\"><strong>INNOVACI\u00d3N:<\/strong>\u00a0Mantenemos un esp\u00edritu permanente por el desarrollo de nuevos productos y servicios pertinentes al \u00e1rea diagn\u00f3stica.<\/p>\n<\/li>\n<li>\n<p align=\"justify\"><strong>TRABAJO EN EQUIPO:<\/strong>\u00a0Desarrollamos una excelente labor productiva a trav\u00e9s de un trabajo coordinado.<\/p>\n<\/li>\n<li>\n<p align=\"justify\"><b>\u00c9TICA:<\/b>\u00a0Estructuramos en todo nuestro personal valores \u00e9ticos de compromiso, responsabilidad y gusto por su labor<\/p>\n<\/li>\n<\/ul>\n<\/li>\n<\/ul>\n<\/div>\n<\/div><\/div><\/div><div class=\"bt_bb_separator bt_bb_top_spacing_large bt_bb_bottom_spacing_medium bt_bb_border_style_none bt_bb_border_color_none\"><\/div><\/div><\/div><\/div><div  class=\"bt_bb_column col-xl-4 bt_bb_align_left bt_bb_vertical_align_top bt_bb_padding_normal bt_bb_column_background_image bt_bb_details_left-inner bt_bb_details-color_grey\" style=\"background-image:url(&#039;https:\/\/tqclaboratorio.com\/web\/wp-content\/uploads\/2021\/11\/tqcsede2.jpg&#039;);\" data-width=\"4\" data-bt-override-class=\"{&quot;bt_bb_align_&quot;:{&quot;current_class&quot;:&quot;bt_bb_align_left&quot;,&quot;xl&quot;:&quot;left&quot;}}\"><div class=\"bt_bb_column_content\"><div class=\"bt_bb_column_content_inner\"><\/div><\/div><\/div><\/div><\/div><\/div><\/div><\/div><\/section><section id=\"bt_bb_section69d01784f1612\" data-parallax=\"0.7\" data-parallax-offset=\"0\" data-background_image_src=\"'https:\/\/tqclaboratorio.com\/web\/wp-content\/uploads\/2020\/05\/background_02.png'\" class=\"bt_bb_section bt_bb_bottom_spacing_medium bt_bb_color_scheme_10 bt_bb_layout_wide bt_bb_vertical_align_top bt_bb_parallax btLazyLoadBackground bt_bb_background_image bt_bb_background_overlay_accent_bottom_gradient bt_bb_hidden_xs bt_bb_hidden_ms bt_bb_hidden_sm bt_bb_hidden_md bt_bb_hidden_lg\" style=\"background-image:url(&#039;https:\/\/tqclaboratorio.com\/web\/wp-content\/plugins\/bold-page-builder\/img\/blank.gif&#039;);;background-color:#03175b;\"><div class=\"bt_bb_port\"><div class=\"bt_bb_cell\"><div class=\"bt_bb_cell_inner\"><div class=\"bt_bb_row_wrapper bt_bb_row_width_boxed_1200 bt_bb_row_push_right bt_bb_row_push_left bt_bb_content_wide\"><div  class=\"bt_bb_row bt_bb_animation_fade_in bt_bb_animation_move_right animate bt_bb_animation_fade_in move_right animate\" ><div  class=\"bt_bb_column col-xl-3 bt_bb_align_left bt_bb_vertical_align_top bt_bb_padding_normal btLazyLoadBackground bt_bb_column_background_image bt_bb_details_right-inner bt_bb_details-color_white\" style=\"position: relative;background-image:url(&#039;https:\/\/tqclaboratorio.com\/web\/wp-content\/plugins\/bold-page-builder\/img\/blank.gif&#039;);\" data-background_image_src='https:\/\/tqclaboratorio.com\/web\/wp-content\/uploads\/2020\/05\/inner_about_me_03.jpg' data-width=\"3\" data-bt-override-class=\"{}\"><div class=\"bt_bb_column_content\"><div class=\"bt_bb_column_content_inner\"><\/div><\/div><\/div><div  class=\"bt_bb_column col-xl-6 bt_bb_color_scheme_2 bt_bb_align_left bt_bb_vertical_align_top bt_bb_padding_20\"  data-width=\"6\" data-bt-override-class=\"{}\"><div class=\"bt_bb_column_content\"><div class=\"bt_bb_column_content_inner\"><div class=\"bt_bb_separator bt_bb_bottom_spacing_large bt_bb_border_style_none bt_bb_border_color_none\"><\/div><header class=\"bt_bb_headline bt_bb_dash_none bt_bb_size_normal bt_bb_superheadline bt_bb_align_inherit\" data-bt-override-class=\"{}\"><h3 class=\"bt_bb_headline_tag\"><span class=\"bt_bb_headline_superheadline\">ACHIEVEMENTS<\/span><span class=\"bt_bb_headline_content\"><span>Biography<\/span><\/span><\/h3><\/header><div class=\"bt_bb_separator bt_bb_bottom_spacing_small bt_bb_border_style_none\"><\/div><div  class=\"bt_bb_text\" ><p>He has developed essays in the following areas: UPLC-MS\/MS, GC-FID, in vivo microdialysis, HPLC-(UV, fluorescence, electrochemical), 2D-gel electrophoresis.<\/p>\n<\/div><div class=\"bt_bb_separator bt_bb_bottom_spacing_normal bt_bb_border_style_none\"><\/div><div class=\"bt_bb_accordion bt_bb_color_scheme_5 bt_bb_style_simple bt_bb_shape_square\" data-closed=closed><div class=\"bt_bb_accordion_item btWithIcon\"><div class=\"bt_bb_accordion_item_title_content\"><span  data-ico-icon7stroke=\"&#xe6b1;\" class=\"bt_bb_icon_holder\"><\/span><div class=\"bt_bb_accordion_item_title\">Clinical Areas<\/div><\/div><div class=\"bt_bb_accordion_item_content\"><div  class=\"bt_bb_text\" >\n<p>Podcasting operational change management inside of workflows to establish a framework. Taking seamless key performance indicators offline.<\/p>\n<\/div>\n<\/div><\/div><div class=\"bt_bb_accordion_item btWithIcon\"><div class=\"bt_bb_accordion_item_title_content\"><span  data-ico-icon7stroke=\"&#xe619;\" class=\"bt_bb_icon_holder\"><\/span><div class=\"bt_bb_accordion_item_title\">Research and Publications<\/div><\/div><div class=\"bt_bb_accordion_item_content\"><div  class=\"bt_bb_text\" >\n<p>Collaboratively administrate empowered markets via plug-and-play networks. Dynamically procrastinate B2C users after installed base benefits.<\/p>\n<\/div>\n<\/div><\/div><div class=\"bt_bb_accordion_item btWithIcon\"><div class=\"bt_bb_accordion_item_title_content\"><span  data-ico-icon7stroke=\"&#xe68f;\" class=\"bt_bb_icon_holder\"><\/span><div class=\"bt_bb_accordion_item_title\">Licences<\/div><\/div><div class=\"bt_bb_accordion_item_content\"><div  class=\"bt_bb_text\" >\n<p>Taking seamless key performance indicators offline to maximise the long tail. Keeping your eye on the ball while performing a deep dive.<\/p>\n<\/div>\n<\/div><\/div><div class=\"bt_bb_accordion_item btWithIcon\"><div class=\"bt_bb_accordion_item_title_content\"><span  data-ico-icon7stroke=\"&#xe661;\" class=\"bt_bb_icon_holder\"><\/span><div class=\"bt_bb_accordion_item_title\">Achievements<\/div><\/div><div class=\"bt_bb_accordion_item_content\"><div  class=\"bt_bb_text\" >\n<p>Keeping your eye on the ball while performing a deep dive on the start-up mentality to derive convergence on cross-platform integration.<\/p>\n<\/div>\n<\/div><\/div><div class=\"bt_bb_accordion_item btWithIcon\"><div class=\"bt_bb_accordion_item_title_content\"><span  data-ico-icon7stroke=\"&#xe60f;\" class=\"bt_bb_icon_holder\"><\/span><div class=\"bt_bb_accordion_item_title\">Education<\/div><\/div><div class=\"bt_bb_accordion_item_content\"><div  class=\"bt_bb_text\" >\n<p>Dynamically procrastinate B2C users after installed base benefits. Dramatically visualize customer directed convergence without revolutionary ROI.<\/p>\n<\/div>\n<\/div><\/div><\/div><div class=\"bt_bb_separator bt_bb_bottom_spacing_large bt_bb_border_style_none bt_bb_border_color_none\"><\/div><\/div><\/div><\/div><div  class=\"bt_bb_column col-xl-3 bt_bb_align_left bt_bb_vertical_align_top bt_bb_padding_normal bt_bb_details_left bt_bb_details-color_white\"  data-width=\"3\" data-bt-override-class=\"{}\"><div class=\"bt_bb_column_content\"><div class=\"bt_bb_column_content_inner\"><\/div><\/div><\/div><\/div><\/div><div class=\"bt_bb_row_wrapper bt_bb_row_width_boxed_1200\"><div  class=\"bt_bb_row bt_bb_hidden_xs bt_bb_hidden_ms bt_bb_hidden_sm bt_bb_hidden_md bt_bb_hidden_lg bt_bb_animation_no_animation animate\" ><div  class=\"bt_bb_column col-xl-12 bt_bb_align_center bt_bb_vertical_align_top bt_bb_padding_normal bt_bb_animation_fade_in animate\"  data-width=\"12\" data-bt-override-class=\"{}\"><div class=\"bt_bb_column_content\"><div class=\"bt_bb_column_content_inner\"><div class=\"bt_bb_separator bt_bb_bottom_spacing_large bt_bb_border_style_none bt_bb_border_color_none\"><\/div><header class=\"bt_bb_headline bt_bb_dash_none bt_bb_size_large bt_bb_superheadline bt_bb_align_inherit\" data-bt-override-class=\"{}\"><h3 class=\"bt_bb_headline_tag\"><span class=\"bt_bb_headline_superheadline\">ADVANCED-DEGREE SCIENTISTS<\/span><span class=\"bt_bb_headline_content\"><span>Our Team<\/span><\/span><\/h3><\/header><div class=\"bt_bb_separator bt_bb_bottom_spacing_medium bt_bb_border_style_none\"><\/div><\/div><\/div><\/div><\/div><\/div><div class=\"bt_bb_row_wrapper bt_bb_row_width_boxed_1200\"><div  class=\"bt_bb_row bt_bb_hidden_xs bt_bb_hidden_ms bt_bb_hidden_sm bt_bb_hidden_md bt_bb_hidden_lg bt_bb_animation_no_animation animate\" ><div  class=\"bt_bb_column col-xl-4 bt_bb_align_center bt_bb_vertical_align_top bt_bb_padding_normal bt_bb_animation_fade_in animate\"  data-width=\"4\" data-bt-override-class=\"{}\"><div class=\"bt_bb_column_content\"><div class=\"bt_bb_column_content_inner\"><div class=\"bt_bb_image bt_bb_shape_hexagon bt_bb_align_inherit bt_bb_hover_style_zoom-in bt_bb_content_display_always bt_bb_content_align_middle\" data-bt-override-class=\"{}\"><a href=\"https:\/\/tqclaboratorio.com\/web\/about-us\/\"  target=\"_self\" title=\"Nicholas King, PhD\"><img src=\"https:\/\/tqclaboratorio.com\/web\/wp-content\/uploads\/2020\/03\/team_01.png\" data-full_image_src=\"https:\/\/tqclaboratorio.com\/web\/wp-content\/uploads\/2020\/03\/team_01.png\"  title=\"Nicholas King, PhD\" alt=\"Nicholas King, PhD\"><\/a><\/div><div class=\"bt_bb_separator bt_bb_bottom_spacing_40 bt_bb_border_style_none bt_bb_border_color_none\"><\/div><header class=\"bt_bb_headline bt_bb_dash_none bt_bb_size_small bt_bb_superheadline bt_bb_align_inherit\" data-bt-override-class=\"{}\"><h4 class=\"bt_bb_headline_tag\"><span class=\"bt_bb_headline_superheadline\">PRINCIPAL INVESTIGATOR<\/span><span class=\"bt_bb_headline_content\"><span>Nicholas King, PhD<\/span><\/span><\/h4><\/header><div class=\"bt_bb_separator bt_bb_bottom_spacing_small bt_bb_border_style_none bt_bb_border_color_none\"><\/div><div class=\"bt_bb_icon bt_bb_color_scheme_6 bt_bb_style_outline bt_bb_size_small bt_bb_shape_round bt_bb_align_inherit\" data-bt-override-class=\"{}\"><a href=\"https:\/\/www.facebook.com\/boldthemes\/\"  target=\"_self\"   data-ico-fontawesome=\"&#xf09a;\" class=\"bt_bb_icon_holder\"><\/a><\/div><div class=\"bt_bb_icon bt_bb_color_scheme_6 bt_bb_style_outline bt_bb_size_small bt_bb_shape_round bt_bb_align_inherit\" data-bt-override-class=\"{}\"><a href=\"https:\/\/twitter.com\/bold_themes\"  target=\"_self\"   data-ico-fontawesome=\"&#xf099;\" class=\"bt_bb_icon_holder\"><\/a><\/div><div class=\"bt_bb_icon bt_bb_color_scheme_6 bt_bb_style_outline bt_bb_size_small bt_bb_shape_round bt_bb_align_inherit\" data-bt-override-class=\"{}\"><a href=\"#\"  target=\"_self\"   data-ico-fontawesome=\"&#xf0e1;\" class=\"bt_bb_icon_holder\"><\/a><\/div><div class=\"bt_bb_separator bt_bb_bottom_spacing_medium bt_bb_border_style_none\"><\/div><\/div><\/div><\/div><div  class=\"bt_bb_column col-xl-4 bt_bb_align_center bt_bb_vertical_align_top bt_bb_padding_normal bt_bb_animation_fade_in animate\"  data-width=\"4\" data-bt-override-class=\"{}\"><div class=\"bt_bb_column_content\"><div class=\"bt_bb_column_content_inner\"><div class=\"bt_bb_image bt_bb_shape_hexagon bt_bb_align_inherit bt_bb_hover_style_zoom-in bt_bb_content_display_always bt_bb_content_align_middle\" data-bt-override-class=\"{}\"><a href=\"https:\/\/tqclaboratorio.com\/web\/about-us\/\"  target=\"_self\" title=\"Linda Hoffman, PhD\"><img src=\"https:\/\/tqclaboratorio.com\/web\/wp-content\/uploads\/2020\/03\/team_02.png\" data-full_image_src=\"https:\/\/tqclaboratorio.com\/web\/wp-content\/uploads\/2020\/03\/team_02.png\"  title=\"Linda Hoffman, PhD\" alt=\"Linda Hoffman, PhD\"><\/a><\/div><div class=\"bt_bb_separator bt_bb_bottom_spacing_40 bt_bb_border_style_none bt_bb_border_color_none\"><\/div><header class=\"bt_bb_headline bt_bb_dash_none bt_bb_size_small bt_bb_superheadline bt_bb_align_inherit\" data-bt-override-class=\"{}\"><h4 class=\"bt_bb_headline_tag\"><span class=\"bt_bb_headline_superheadline\">LABORATORY TECHNICIAN<\/span><span class=\"bt_bb_headline_content\"><span>Linda Hoffman, PhD<\/span><\/span><\/h4><\/header><div class=\"bt_bb_separator bt_bb_bottom_spacing_small bt_bb_border_style_none bt_bb_border_color_none\"><\/div><div class=\"bt_bb_icon bt_bb_color_scheme_6 bt_bb_style_outline bt_bb_size_small bt_bb_shape_round bt_bb_align_inherit\" data-bt-override-class=\"{}\"><a href=\"https:\/\/www.facebook.com\/boldthemes\/\"  target=\"_self\"   data-ico-fontawesome=\"&#xf09a;\" class=\"bt_bb_icon_holder\"><\/a><\/div><div class=\"bt_bb_icon bt_bb_color_scheme_6 bt_bb_style_outline bt_bb_size_small bt_bb_shape_round bt_bb_align_inherit\" data-bt-override-class=\"{}\"><a href=\"https:\/\/twitter.com\/bold_themes\"  target=\"_self\"   data-ico-fontawesome=\"&#xf099;\" class=\"bt_bb_icon_holder\"><\/a><\/div><div class=\"bt_bb_icon bt_bb_color_scheme_6 bt_bb_style_outline bt_bb_size_small bt_bb_shape_round bt_bb_align_inherit\" data-bt-override-class=\"{}\"><a href=\"#\"  target=\"_self\"   data-ico-fontawesome=\"&#xf0e1;\" class=\"bt_bb_icon_holder\"><\/a><\/div><div class=\"bt_bb_separator bt_bb_bottom_spacing_medium bt_bb_border_style_none\"><\/div><\/div><\/div><\/div><div  class=\"bt_bb_column col-xl-4 bt_bb_align_center bt_bb_vertical_align_top bt_bb_padding_normal bt_bb_animation_fade_in animate\"  data-width=\"4\" data-bt-override-class=\"{}\"><div class=\"bt_bb_column_content\"><div class=\"bt_bb_column_content_inner\"><div class=\"bt_bb_image bt_bb_shape_hexagon bt_bb_align_inherit bt_bb_hover_style_zoom-in bt_bb_content_display_always bt_bb_content_align_middle\" data-bt-override-class=\"{}\"><a href=\"https:\/\/tqclaboratorio.com\/web\/about-us\/\"  target=\"_self\" title=\"Melissa Williamson, PhD\"><img src=\"https:\/\/tqclaboratorio.com\/web\/wp-content\/uploads\/2020\/03\/team_03.png\" data-full_image_src=\"https:\/\/tqclaboratorio.com\/web\/wp-content\/uploads\/2020\/03\/team_03.png\"  title=\"Melissa Williamson, PhD\" alt=\"Melissa Williamson, PhD\"><\/a><\/div><div class=\"bt_bb_separator bt_bb_bottom_spacing_40 bt_bb_border_style_none bt_bb_border_color_none\"><\/div><header class=\"bt_bb_headline bt_bb_dash_none bt_bb_size_small bt_bb_superheadline bt_bb_align_inherit\" data-bt-override-class=\"{}\"><h4 class=\"bt_bb_headline_tag\"><span class=\"bt_bb_headline_superheadline\">LABORATORY MANAGER<\/span><span class=\"bt_bb_headline_content\"><span>Melissa Williamson, PhD<\/span><\/span><\/h4><\/header><div class=\"bt_bb_separator bt_bb_bottom_spacing_small bt_bb_border_style_none bt_bb_border_color_none\"><\/div><div class=\"bt_bb_icon bt_bb_color_scheme_6 bt_bb_style_outline bt_bb_size_small bt_bb_shape_round bt_bb_align_inherit\" data-bt-override-class=\"{}\"><a href=\"https:\/\/www.facebook.com\/boldthemes\/\"  target=\"_self\"   data-ico-fontawesome=\"&#xf09a;\" class=\"bt_bb_icon_holder\"><\/a><\/div><div class=\"bt_bb_icon bt_bb_color_scheme_6 bt_bb_style_outline bt_bb_size_small bt_bb_shape_round bt_bb_align_inherit\" data-bt-override-class=\"{}\"><a href=\"https:\/\/twitter.com\/bold_themes\"  target=\"_self\"   data-ico-fontawesome=\"&#xf099;\" class=\"bt_bb_icon_holder\"><\/a><\/div><div class=\"bt_bb_icon bt_bb_color_scheme_6 bt_bb_style_outline bt_bb_size_small bt_bb_shape_round bt_bb_align_inherit\" data-bt-override-class=\"{}\"><a href=\"#\"  target=\"_self\"   data-ico-fontawesome=\"&#xf0e1;\" class=\"bt_bb_icon_holder\"><\/a><\/div><div class=\"bt_bb_separator bt_bb_bottom_spacing_medium bt_bb_border_style_none\"><\/div><\/div><\/div><\/div><\/div><\/div><\/div><\/div><\/div><\/section><\/div>","protected":false},"excerpt":{"rendered":"","protected":false},"author":1,"featured_media":2788,"parent":0,"menu_order":0,"comment_status":"closed","ping_status":"closed","template":"","meta":[],"_links":{"self":[{"href":"https:\/\/tqclaboratorio.com\/web\/wp-json\/wp\/v2\/pages\/3424"}],"collection":[{"href":"https:\/\/tqclaboratorio.com\/web\/wp-json\/wp\/v2\/pages"}],"about":[{"href":"https:\/\/tqclaboratorio.com\/web\/wp-json\/wp\/v2\/types\/page"}],"author":[{"embeddable":true,"href":"https:\/\/tqclaboratorio.com\/web\/wp-json\/wp\/v2\/users\/1"}],"replies":[{"embeddable":true,"href":"https:\/\/tqclaboratorio.com\/web\/wp-json\/wp\/v2\/comments?post=3424"}],"version-history":[{"count":20,"href":"https:\/\/tqclaboratorio.com\/web\/wp-json\/wp\/v2\/pages\/3424\/revisions"}],"predecessor-version":[{"id":3926,"href":"https:\/\/tqclaboratorio.com\/web\/wp-json\/wp\/v2\/pages\/3424\/revisions\/3926"}],"wp:featuredmedia":[{"embeddable":true,"href":"https:\/\/tqclaboratorio.com\/web\/wp-json\/wp\/v2\/media\/2788"}],"wp:attachment":[{"href":"https:\/\/tqclaboratorio.com\/web\/wp-json\/wp\/v2\/media?parent=3424"}],"curies":[{"name":"wp","href":"https:\/\/api.w.org\/{rel}","templated":true}]}}